{"id":6857,"date":"2025-07-17T15:01:23","date_gmt":"2025-07-17T20:01:23","guid":{"rendered":"https:\/\/perezcriminallaw.com\/privacy\/"},"modified":"2025-07-31T15:33:04","modified_gmt":"2025-07-31T20:33:04","slug":"privacy","status":"publish","type":"page","link":"https:\/\/perezcriminallaw.com\/es\/privacy\/","title":{"rendered":"Politica de Privacidad"},"content":{"rendered":"<style>.elementor-6857 .elementor-element.elementor-element-a66ac2a{--display:flex;--flex-direction:row;--container-widget-width:calc( ( 1 - var( --container-widget-flex-grow ) ) * 100% );--container-widget-height:100%;--container-widget-flex-grow:1;--container-widget-align-self:stretch;--flex-wrap-mobile:wrap;--align-items:stretch;--gap:10px 10px;--row-gap:10px;--column-gap:10px;--overlay-opacity:0.5;--padding-top:100px;--padding-bottom:100px;--padding-left:0px;--padding-right:0px;}.elementor-6857 .elementor-element.elementor-element-a66ac2a:not(.elementor-motion-effects-element-type-background), .elementor-6857 .elementor-element.elementor-element-a66ac2a > .elementor-motion-effects-container > .elementor-motion-effects-layer{background-image:url(\"https:\/\/perezcriminallaw.com\/wp-content\/uploads\/2025\/07\/empowering-privacy-and-data-protection-with-secure-encryption-technology.jpg\");background-repeat:no-repeat;background-size:cover;}.elementor-6857 .elementor-element.elementor-element-a66ac2a::before, .elementor-6857 .elementor-element.elementor-element-a66ac2a > .elementor-background-video-container::before, .elementor-6857 .elementor-element.elementor-element-a66ac2a > .e-con-inner > .elementor-background-video-container::before, .elementor-6857 .elementor-element.elementor-element-a66ac2a > .elementor-background-slideshow::before, .elementor-6857 .elementor-element.elementor-element-a66ac2a > .e-con-inner > .elementor-background-slideshow::before, .elementor-6857 .elementor-element.elementor-element-a66ac2a > .elementor-motion-effects-container > .elementor-motion-effects-layer::before{--background-overlay:'';background-color:var( --e-global-color-secondary );}.elementor-6857 .elementor-element.elementor-element-6e8082c0{--display:flex;}.elementor-6857 .elementor-element.elementor-element-24e6280b{text-align:center;}.elementor-6857 .elementor-element.elementor-element-24e6280b .elementor-heading-title{text-transform:uppercase;color:#FFFFFF;}.elementor-6857 .elementor-element.elementor-element-24e6280b > .elementor-widget-container{margin:0px 0px -5px 0px;}.elementor-6857 .elementor-element.elementor-element-63bcfca{color:var( --e-global-color-2da75a8 );}.elementor-6857 .elementor-element.elementor-element-63bcfca > .elementor-widget-container{margin:20px 20px 20px 20px;}.elementor-6857 .elementor-element.elementor-element-776491ad{--display:flex;--flex-direction:row;--container-widget-width:calc( ( 1 - var( --container-widget-flex-grow ) ) * 100% );--container-widget-height:100%;--container-widget-flex-grow:1;--container-widget-align-self:stretch;--flex-wrap-mobile:wrap;--align-items:stretch;--gap:10px 10px;--row-gap:10px;--column-gap:10px;--padding-top:150px;--padding-bottom:150px;--padding-left:0px;--padding-right:0px;}.elementor-6857 .elementor-element.elementor-element-37279a94{--display:flex;--align-items:center;--container-widget-width:calc( ( 1 - var( --container-widget-flex-grow ) ) * 100% );}:root{--page-title-display:none;}@media(min-width:768px){.elementor-6857 .elementor-element.elementor-element-a66ac2a{--content-width:1300px;}.elementor-6857 .elementor-element.elementor-element-776491ad{--content-width:1300px;}.elementor-6857 .elementor-element.elementor-element-37279a94{--content-width:1200px;}}@media(min-width:1025px){.elementor-6857 .elementor-element.elementor-element-a66ac2a:not(.elementor-motion-effects-element-type-background), .elementor-6857 .elementor-element.elementor-element-a66ac2a > .elementor-motion-effects-container > .elementor-motion-effects-layer{background-attachment:fixed;}}@media(max-width:1024px){.elementor-6857 .elementor-element.elementor-element-776491ad{--padding-top:50px;--padding-bottom:70px;--padding-left:0px;--padding-right:0px;}}@media(max-width:767px){.elementor-6857 .elementor-element.elementor-element-776491ad{--padding-top:50px;--padding-bottom:50px;--padding-left:20px;--padding-right:20px;}}<\/style>\t\t<div data-elementor-type=\"wp-page\" data-elementor-id=\"6857\" class=\"elementor elementor-6857 elementor-4608\" data-elementor-post-type=\"page\">\n\t\t\t\t<div class=\"elementor-element elementor-element-a66ac2a e-flex e-con-boxed e-con e-parent\" data-id=\"a66ac2a\" data-element_type=\"container\" data-e-type=\"container\" data-settings=\"{&quot;background_background&quot;:&quot;classic&quot;}\">\n\t\t\t\t\t<div class=\"e-con-inner\">\n\t\t<div class=\"elementor-element elementor-element-6e8082c0 e-con-full e-flex e-con e-child\" data-id=\"6e8082c0\" data-element_type=\"container\" data-e-type=\"container\">\n\t\t\t\t<div class=\"elementor-element elementor-element-24e6280b elementor-widget elementor-widget-heading\" data-id=\"24e6280b\" data-element_type=\"widget\" data-e-type=\"widget\" data-widget_type=\"heading.default\">\n\t\t\t\t<div class=\"elementor-widget-container\">\n\t\t\t\t\t<h1 class=\"elementor-heading-title elementor-size-default\">Politica de Privacidad<\/h1>\t\t\t\t<\/div>\n\t\t\t\t<\/div>\n\t\t\t\t<div class=\"elementor-element elementor-element-63bcfca elementor-widget elementor-widget-text-editor\" data-id=\"63bcfca\" data-element_type=\"widget\" data-e-type=\"widget\" data-widget_type=\"text-editor.default\">\n\t\t\t\t<div class=\"elementor-widget-container\">\n\t\t\t\t\t\t\t\t\t<p style=\"text-align: center;\"><b>MARK A. PEREZ, ABOGADO<\/b><\/p>\t\t\t\t\t\t\t\t<\/div>\n\t\t\t\t<\/div>\n\t\t\t\t<\/div>\n\t\t\t\t\t<\/div>\n\t\t\t\t<\/div>\n\t\t<div class=\"elementor-element elementor-element-776491ad e-flex e-con-boxed e-con e-parent\" data-id=\"776491ad\" data-element_type=\"container\" data-e-type=\"container\">\n\t\t\t\t\t<div class=\"e-con-inner\">\n\t\t<div class=\"elementor-element elementor-element-37279a94 e-flex e-con-boxed e-con e-child\" data-id=\"37279a94\" data-element_type=\"container\" data-e-type=\"container\">\n\t\t\t\t\t<div class=\"e-con-inner\">\n\t\t\t\t<div class=\"elementor-element elementor-element-a07c02f elementor-widget elementor-widget-text-editor\" data-id=\"a07c02f\" data-element_type=\"widget\" data-e-type=\"widget\" data-widget_type=\"text-editor.default\">\n\t\t\t\t<div class=\"elementor-widget-container\">\n\t\t\t\t\t\t\t\t\t<div id=\"main-content\" tabindex=\"-1\" role=\"main\"><div class=\"et-l et-l--body\"><div class=\"et_builder_inner_content et_pb_gutters1\"><div class=\"et_pb_section et_pb_section_2_tb_body et_section_regular\"><div class=\"et_pb_row et_pb_row_1_tb_body et_pb_gutters2\"><div class=\"et_pb_column et_pb_column_4_4 et_pb_column_1_tb_body et_pb_css_mix_blend_mode_passthrough et-last-child\"><div class=\"et_pb_module et_pb_post_content et_pb_post_content_0_tb_body fl-darklinks fl-boxshadow-dark fl-internal-content\"><p>Nuestro bufete de abogados est\u00e1 en asociaci\u00f3n con FindLaw, una empresa de Internet Brands. Para aprender m\u00e1s acerca de la pol\u00edtica de privacidad de Internet Brands e informaci\u00f3n que podr\u00edamos recolectar, por favor visite:\u00a0<a href=\"https:\/\/www.thomsonreuters.com\/en\/privacy-statement.html\" target=\"_blank\" rel=\"noopener noreferrer\" data-wpel-link=\"external\">Pol\u00edtica de privacidad de Internet Brands<\/a>.<\/p><\/div><\/div><\/div><\/div><\/div><\/div><\/div>\t\t\t\t\t\t\t\t<\/div>\n\t\t\t\t<\/div>\n\t\t\t\t\t<\/div>\n\t\t\t\t<\/div>\n\t\t\t\t\t<\/div>\n\t\t\t\t<\/div>\n\t\t\t\t<\/div>\n\t\t","protected":false},"excerpt":{"rendered":"<p>Politica de Privacidad MARK A. PEREZ, ABOGADO Nuestro bufete de abogados est\u00e1 en asociaci\u00f3n con FindLaw, una empresa de Internet Brands. Para aprender m\u00e1s acerca de la pol\u00edtica de privacidad de Internet Brands e informaci\u00f3n que podr\u00edamos recolectar, por favor visite:\u00a0Pol\u00edtica de privacidad de Internet Brands.<\/p>\n","protected":false},"author":2,"featured_media":0,"parent":0,"menu_order":0,"comment_status":"closed","ping_status":"closed","template":"","meta":{"footnotes":""},"class_list":["post-6857","page","type-page","status-publish","hentry"],"yoast_head":"<!-- This site is optimized with the Yoast SEO plugin v27.3 - https:\/\/yoast.com\/product\/yoast-seo-wordpress\/ -->\n<title>Politica de Privacidad - Mark A. Perez<\/title>\n<meta name=\"robots\" content=\"index, follow, max-snippet:-1, max-image-preview:large, max-video-preview:-1\" \/>\n<link rel=\"canonical\" href=\"https:\/\/perezcriminallaw.com\/es\/privacy\/\" \/>\n<meta property=\"og:locale\" content=\"es_ES\" \/>\n<meta property=\"og:type\" content=\"article\" \/>\n<meta property=\"og:title\" content=\"Politica de Privacidad - Mark A. Perez\" \/>\n<meta property=\"og:description\" content=\"Politica de Privacidad MARK A. PEREZ, ABOGADO Nuestro bufete de abogados est\u00e1 en asociaci\u00f3n con FindLaw, una empresa de Internet Brands. Para aprender m\u00e1s acerca de la pol\u00edtica de privacidad de Internet Brands e informaci\u00f3n que podr\u00edamos recolectar, por favor visite:\u00a0Pol\u00edtica de privacidad de Internet Brands.\" \/>\n<meta property=\"og:url\" content=\"https:\/\/perezcriminallaw.com\/es\/privacy\/\" \/>\n<meta property=\"og:site_name\" content=\"Mark A. Perez\" \/>\n<meta property=\"article:modified_time\" content=\"2025-07-31T20:33:04+00:00\" \/>\n<meta name=\"twitter:card\" content=\"summary_large_image\" \/>\n<meta name=\"twitter:label1\" content=\"Tiempo de lectura\" \/>\n\t<meta name=\"twitter:data1\" content=\"1 minuto\" \/>\n<script type=\"application\/ld+json\" class=\"yoast-schema-graph\">{\"@context\":\"https:\\\/\\\/schema.org\",\"@graph\":[{\"@type\":\"WebPage\",\"@id\":\"https:\\\/\\\/perezcriminallaw.com\\\/es\\\/privacy\\\/\",\"url\":\"https:\\\/\\\/perezcriminallaw.com\\\/es\\\/privacy\\\/\",\"name\":\"Politica de Privacidad - Mark A. Perez\",\"isPartOf\":{\"@id\":\"https:\\\/\\\/perezcriminallaw.com\\\/es\\\/#website\"},\"datePublished\":\"2025-07-17T20:01:23+00:00\",\"dateModified\":\"2025-07-31T20:33:04+00:00\",\"breadcrumb\":{\"@id\":\"https:\\\/\\\/perezcriminallaw.com\\\/es\\\/privacy\\\/#breadcrumb\"},\"inLanguage\":\"es\",\"potentialAction\":[{\"@type\":\"ReadAction\",\"target\":[\"https:\\\/\\\/perezcriminallaw.com\\\/es\\\/privacy\\\/\"]}]},{\"@type\":\"BreadcrumbList\",\"@id\":\"https:\\\/\\\/perezcriminallaw.com\\\/es\\\/privacy\\\/#breadcrumb\",\"itemListElement\":[{\"@type\":\"ListItem\",\"position\":1,\"name\":\"Home\",\"item\":\"https:\\\/\\\/perezcriminallaw.com\\\/es\\\/\"},{\"@type\":\"ListItem\",\"position\":2,\"name\":\"Politica de Privacidad\"}]},{\"@type\":\"WebSite\",\"@id\":\"https:\\\/\\\/perezcriminallaw.com\\\/es\\\/#website\",\"url\":\"https:\\\/\\\/perezcriminallaw.com\\\/es\\\/\",\"name\":\"Mark A. Perez\",\"description\":\"\",\"publisher\":{\"@id\":\"https:\\\/\\\/perezcriminallaw.com\\\/es\\\/#\\\/schema\\\/person\\\/4b89c7aaaea98fff188cc6e94cafd713\"},\"potentialAction\":[{\"@type\":\"SearchAction\",\"target\":{\"@type\":\"EntryPoint\",\"urlTemplate\":\"https:\\\/\\\/perezcriminallaw.com\\\/es\\\/?s={search_term_string}\"},\"query-input\":{\"@type\":\"PropertyValueSpecification\",\"valueRequired\":true,\"valueName\":\"search_term_string\"}}],\"inLanguage\":\"es\"},{\"@type\":[\"Person\",\"Organization\"],\"@id\":\"https:\\\/\\\/perezcriminallaw.com\\\/es\\\/#\\\/schema\\\/person\\\/4b89c7aaaea98fff188cc6e94cafd713\",\"name\":\"Mark A. Perez\",\"image\":{\"@type\":\"ImageObject\",\"inLanguage\":\"es\",\"@id\":\"https:\\\/\\\/perezcriminallaw.com\\\/wp-content\\\/uploads\\\/2025\\\/07\\\/Mark-Perez-Logo-Dark-Blue.png\",\"url\":\"https:\\\/\\\/perezcriminallaw.com\\\/wp-content\\\/uploads\\\/2025\\\/07\\\/Mark-Perez-Logo-Dark-Blue.png\",\"contentUrl\":\"https:\\\/\\\/perezcriminallaw.com\\\/wp-content\\\/uploads\\\/2025\\\/07\\\/Mark-Perez-Logo-Dark-Blue.png\",\"width\":600,\"height\":200,\"caption\":\"Mark A. Perez\"},\"logo\":{\"@id\":\"https:\\\/\\\/perezcriminallaw.com\\\/wp-content\\\/uploads\\\/2025\\\/07\\\/Mark-Perez-Logo-Dark-Blue.png\"}}]}<\/script>\n<!-- \/ Yoast SEO plugin. -->","yoast_head_json":{"title":"Politica de Privacidad - Mark A. Perez","robots":{"index":"index","follow":"follow","max-snippet":"max-snippet:-1","max-image-preview":"max-image-preview:large","max-video-preview":"max-video-preview:-1"},"canonical":"https:\/\/perezcriminallaw.com\/es\/privacy\/","og_locale":"es_ES","og_type":"article","og_title":"Politica de Privacidad - Mark A. Perez","og_description":"Politica de Privacidad MARK A. PEREZ, ABOGADO Nuestro bufete de abogados est\u00e1 en asociaci\u00f3n con FindLaw, una empresa de Internet Brands. Para aprender m\u00e1s acerca de la pol\u00edtica de privacidad de Internet Brands e informaci\u00f3n que podr\u00edamos recolectar, por favor visite:\u00a0Pol\u00edtica de privacidad de Internet Brands.","og_url":"https:\/\/perezcriminallaw.com\/es\/privacy\/","og_site_name":"Mark A. Perez","article_modified_time":"2025-07-31T20:33:04+00:00","twitter_card":"summary_large_image","twitter_misc":{"Tiempo de lectura":"1 minuto"},"schema":{"@context":"https:\/\/schema.org","@graph":[{"@type":"WebPage","@id":"https:\/\/perezcriminallaw.com\/es\/privacy\/","url":"https:\/\/perezcriminallaw.com\/es\/privacy\/","name":"Politica de Privacidad - Mark A. Perez","isPartOf":{"@id":"https:\/\/perezcriminallaw.com\/es\/#website"},"datePublished":"2025-07-17T20:01:23+00:00","dateModified":"2025-07-31T20:33:04+00:00","breadcrumb":{"@id":"https:\/\/perezcriminallaw.com\/es\/privacy\/#breadcrumb"},"inLanguage":"es","potentialAction":[{"@type":"ReadAction","target":["https:\/\/perezcriminallaw.com\/es\/privacy\/"]}]},{"@type":"BreadcrumbList","@id":"https:\/\/perezcriminallaw.com\/es\/privacy\/#breadcrumb","itemListElement":[{"@type":"ListItem","position":1,"name":"Home","item":"https:\/\/perezcriminallaw.com\/es\/"},{"@type":"ListItem","position":2,"name":"Politica de Privacidad"}]},{"@type":"WebSite","@id":"https:\/\/perezcriminallaw.com\/es\/#website","url":"https:\/\/perezcriminallaw.com\/es\/","name":"Mark A. Perez","description":"","publisher":{"@id":"https:\/\/perezcriminallaw.com\/es\/#\/schema\/person\/4b89c7aaaea98fff188cc6e94cafd713"},"potentialAction":[{"@type":"SearchAction","target":{"@type":"EntryPoint","urlTemplate":"https:\/\/perezcriminallaw.com\/es\/?s={search_term_string}"},"query-input":{"@type":"PropertyValueSpecification","valueRequired":true,"valueName":"search_term_string"}}],"inLanguage":"es"},{"@type":["Person","Organization"],"@id":"https:\/\/perezcriminallaw.com\/es\/#\/schema\/person\/4b89c7aaaea98fff188cc6e94cafd713","name":"Mark A. Perez","image":{"@type":"ImageObject","inLanguage":"es","@id":"https:\/\/perezcriminallaw.com\/wp-content\/uploads\/2025\/07\/Mark-Perez-Logo-Dark-Blue.png","url":"https:\/\/perezcriminallaw.com\/wp-content\/uploads\/2025\/07\/Mark-Perez-Logo-Dark-Blue.png","contentUrl":"https:\/\/perezcriminallaw.com\/wp-content\/uploads\/2025\/07\/Mark-Perez-Logo-Dark-Blue.png","width":600,"height":200,"caption":"Mark A. Perez"},"logo":{"@id":"https:\/\/perezcriminallaw.com\/wp-content\/uploads\/2025\/07\/Mark-Perez-Logo-Dark-Blue.png"}}]}},"_links":{"self":[{"href":"https:\/\/perezcriminallaw.com\/es\/wp-json\/wp\/v2\/pages\/6857","targetHints":{"allow":["GET"]}}],"collection":[{"href":"https:\/\/perezcriminallaw.com\/es\/wp-json\/wp\/v2\/pages"}],"about":[{"href":"https:\/\/perezcriminallaw.com\/es\/wp-json\/wp\/v2\/types\/page"}],"author":[{"embeddable":true,"href":"https:\/\/perezcriminallaw.com\/es\/wp-json\/wp\/v2\/users\/2"}],"replies":[{"embeddable":true,"href":"https:\/\/perezcriminallaw.com\/es\/wp-json\/wp\/v2\/comments?post=6857"}],"version-history":[{"count":7,"href":"https:\/\/perezcriminallaw.com\/es\/wp-json\/wp\/v2\/pages\/6857\/revisions"}],"predecessor-version":[{"id":7164,"href":"https:\/\/perezcriminallaw.com\/es\/wp-json\/wp\/v2\/pages\/6857\/revisions\/7164"}],"wp:attachment":[{"href":"https:\/\/perezcriminallaw.com\/es\/wp-json\/wp\/v2\/media?parent=6857"}],"curies":[{"name":"wp","href":"https:\/\/api.w.org\/{rel}","templated":true}]}}